{"id":57,"date":"2021-08-05T09:23:16","date_gmt":"2021-08-05T06:23:16","guid":{"rendered":"http:\/\/dummy.xtemos.com\/woodmart\/?page_id=57"},"modified":"2022-01-25T18:41:34","modified_gmt":"2022-01-25T16:41:34","slug":"home-base","status":"publish","type":"page","link":"https:\/\/vanerimaailma.fi\/sv\/","title":{"rendered":"HEM"},"content":{"rendered":"<p><\/p>\n<p>[vc_row full_width=&#8221;stretch_row_content_no_spaces&#8221; css=&#8221;.vc_custom_1496220814548{margin-top: -40px !important;margin-bottom: 8vh !important;padding-top: 0px !important;}&#8221;][vc_column css=&#8221;.vc_custom_1496220809434{padding-top: 0px !important;}&#8221;][rev_slider_vc alias=&#8221;main-slider-11&#8243;][\/vc_column][\/vc_row][vc_row woodmart_disable_overflow=&#8221;1&#8243; css=&#8221;.vc_custom_1496402498927{margin-bottom: 8vh !important;}&#8221; el_class=&#8221;bg-bottom&#8221;][vc_column 0=&#8221;&#8221; css=&#8221;.vc_custom_1496220821354{padding-top: 0px !important;}&#8221;]\t\t\n\t\t<div id=\"wd-6124ecf493d3a\" class=\"title-wrapper wd-wpb set-mb-s reset-last-child  wd-title-color-default wd-title-style-default wd-width-100 text-center \">\n\t\t\t\t\t\t\t<div class=\"title-subtitle  subtitle-color-default font-default subtitle-style-default wd-font-weight- wd-fontsize-xs\">VANERIMAAILMAS SORTIMENT<\/div>\n\t\t\t\n\t\t\t<div class=\"liner-continer\">\n\t\t\t\t<h4 class=\"woodmart-title-container title  wd-font-weight- wd-fontsize-xl\" >STORT LAGERSORTIMENT<\/h4>\n\t\t\t\t\t\t\t<\/div>\n\t\t\t\n\t\t\t\t\t\t\t<div class=\"title-after_title  set-cont-mb-s reset-last-child  wd-fontsize-s\">Vi har \u00f6ver 400 olika skivor i lagret<\/div>\n\t\t\t\n\t\t\t\t\t<\/div>\n\t\t\n\t\t<div class=\"products woocommerce row categories-style-masonry-first  categories-masonry wd-spacing-20 columns-4\"><\/div>[\/vc_column][\/vc_row][vc_row css=&#8221;.vc_custom_1629810151914{margin-bottom: 0px !important;border-top-width: 0px !important;padding-top: 11vh !important;padding-bottom: 11vh !important;}&#8221; mobile_bg_img_hidden=&#8221;no&#8221; tablet_bg_img_hidden=&#8221;no&#8221; woodmart_parallax=&#8221;0&#8243; woodmart_gradient_switch=&#8221;no&#8221; row_reverse_mobile=&#8221;0&#8243; row_reverse_tablet=&#8221;0&#8243; woodmart_disable_overflow=&#8221;0&#8243;][vc_column width=&#8221;1\/2&#8243;][vc_custom_heading text=&#8221;AVTALSLEVERANT\u00d6R&#8221; font_container=&#8221;tag:h4|font_size:24|text_align:left|color:%238e8e8e&#8221; google_fonts=&#8221;font_family:Lato%3A100%2C100italic%2C300%2C300italic%2Cregular%2Citalic%2C700%2C700italic%2C900%2C900italic|font_style:300%20light%20regular%3A300%3Anormal&#8221; css=&#8221;.vc_custom_1629810400140{margin-bottom: 5px !important;}&#8221; el_class=&#8221;visible-lg&#8221;][vc_custom_heading text=&#8221;P\u00e5litlig samarbetspartner&#8221; font_container=&#8221;tag:h4|font_size:30|text_align:left&#8221; use_theme_fonts=&#8221;yes&#8221; css=&#8221;.vc_custom_1629810508778{margin-bottom: 15px !important;}&#8221;][vc_column_text el_class=&#8221;text-larger&#8221; css=&#8221;.vc_custom_1629810570651{margin-bottom: 30px !important;}&#8221; woodmart_inline=&#8221;no&#8221; text_larger=&#8221;no&#8221;]Vi h\u00e5ller ditt behov av skivor p\u00e5 v\u00e5rt lager och levererar dem p\u00e5 r\u00e4tt tid.[\/vc_column_text]<div id=\"wd-61f028150e9dd\" class=\"wd-button-wrapper text-center inline-element\"><a href=\"https:\/\/vanerimaailma.fi\/yritys\/\" title=\"Yritys\" class=\"btn btn-color-primary btn-style-default btn-shape-rectangle btn-size-default\">F\u00d6RETAGSINFO<\/a><\/div><div id=\"wd-61f0281af1a1a\" class=\"wd-button-wrapper text-center inline-element\"><a href=\"https:\/\/vanerimaailma.fi\/yhteystiedot\/\" title=\"Yhteystiedot\" class=\"btn btn-color-default btn-style-bordered btn-shape-rectangle btn-size-default\">KONTAKTA OSS !<\/a><\/div>[vc_empty_space woodmart_hide_large=&#8221;0&#8243; woodmart_hide_medium=&#8221;0&#8243; woodmart_hide_small=&#8221;0&#8243; woodmart_hide_extra_small=&#8221;0&#8243;][\/vc_column][vc_column width=&#8221;1\/2&#8243;][vc_single_image image=&#8221;726&#8243; img_size=&#8221;full&#8221; woodmart_inline=&#8221;no&#8221; parallax_scroll=&#8221;no&#8221;][\/vc_column][\/vc_row]<\/p>\n<p><\/p>","protected":false},"excerpt":{"rendered":"<p>[vc_row full_width=&#8221;stretch_row_content_no_spaces&#8221; css=&#8221;.vc_custom_1496220814548{margin-top: -40px !important;margin-bottom: 8vh !important;padding-top: 0px !important;}&#8221;][vc_column css=&#8221;.vc_custom_1496220809434{padding-top: 0px !important;}&#8221;][rev_slider_vc alias=&#8221;main-slider-11&#8243;][\/vc_column][\/vc_row][vc_row woodmart_disable_overflow=&#8221;1&#8243; css=&#8221;.vc_custom_1496402498927{margin-bottom: 8vh !important;}&#8221; el_class=&#8221;bg-bottom&#8221;][vc_column 0=&#8221;&#8221; css=&#8221;.vc_custom_1496220821354{padding-top:<\/p>\n","protected":false},"author":1,"featured_media":0,"parent":0,"menu_order":0,"comment_status":"closed","ping_status":"closed","template":"","meta":[],"_links":{"self":[{"href":"https:\/\/vanerimaailma.fi\/sv\/wp-json\/wp\/v2\/pages\/57"}],"collection":[{"href":"https:\/\/vanerimaailma.fi\/sv\/wp-json\/wp\/v2\/pages"}],"about":[{"href":"https:\/\/vanerimaailma.fi\/sv\/wp-json\/wp\/v2\/types\/page"}],"author":[{"embeddable":true,"href":"https:\/\/vanerimaailma.fi\/sv\/wp-json\/wp\/v2\/users\/1"}],"replies":[{"embeddable":true,"href":"https:\/\/vanerimaailma.fi\/sv\/wp-json\/wp\/v2\/comments?post=57"}],"version-history":[{"count":0,"href":"https:\/\/vanerimaailma.fi\/sv\/wp-json\/wp\/v2\/pages\/57\/revisions"}],"wp:attachment":[{"href":"https:\/\/vanerimaailma.fi\/sv\/wp-json\/wp\/v2\/media?parent=57"}],"curies":[{"name":"wp","href":"https:\/\/api.w.org\/{rel}","templated":true}]}}