{"id":662,"date":"2021-08-11T10:10:48","date_gmt":"2021-08-11T07:10:48","guid":{"rendered":"http:\/\/vanerimaailma.fi.klient.veebimajutus.ee\/?page_id=662"},"modified":"2022-01-20T09:33:55","modified_gmt":"2022-01-20T07:33:55","slug":"yritys","status":"publish","type":"page","link":"https:\/\/vanerimaailma.fi\/sv\/yritys\/","title":{"rendered":"OM OSS"},"content":{"rendered":"<p>[vc_row woodmart_disable_overflow=&#8221;1&#8243; css=&#8221;.vc_custom_1629875194592{padding-top: 40px !important;padding-bottom: 40px !important;}&#8221; el_class=&#8221;bg-bottom&#8221; mobile_bg_img_hidden=&#8221;no&#8221; tablet_bg_img_hidden=&#8221;no&#8221; woodmart_parallax=&#8221;0&#8243; woodmart_gradient_switch=&#8221;no&#8221; row_reverse_mobile=&#8221;0&#8243; row_reverse_tablet=&#8221;0&#8243;][vc_column 0=&#8221;&#8221; width=&#8221;1\/2&#8243; css=&#8221;.vc_custom_1496220821354{padding-top: 0px !important;}&#8221;][vc_column_text el_class=&#8221;text-larger&#8221; css=&#8221;.vc_custom_1629996593008{margin-bottom: 30px !important;}&#8221; woodmart_inline=&#8221;no&#8221; text_larger=&#8221;no&#8221;]<\/p>\n<h2>FRAMG\u00c5NGSFAKTORER TILL SAMARBETE<\/h2>\n<p>Vi \u00e4r ett f\u00f6retag som specialiserat sig p\u00e5 import och grossistf\u00f6rs\u00e4ljning. V\u00e5r aff\u00e4rsid\u00e9 \u00e4r att erbjuda v\u00e5ra kunder den b\u00e4sta kvaliteten och funktionaliteten, som \u00e4r nyckeln till framg\u00e5ng i modern verksamhet.<br \/>\nV\u00e5rt sortiment omfattar plywood, mdf, hdf och hardboard.<\/p>\n<h2>ST\u00d6RSTA SORTIMENTET I OMR\u00c5DET<\/h2>\n<p>Vi lagrar mer \u00e4n 400 olika skivor p\u00e5 v\u00e5rt logistikcenter p\u00e5 5 000 m2, varifr\u00e5n vi levererar produkter till v\u00e5ra kunder effektivt och snabbt. Ytterligare bearbetning av produkter, s\u00e5som s\u00e5gning och cnc -fr\u00e4sning eller borrning, \u00e4r ocks\u00e5 m\u00f6jlig hos oss.<\/p>\n<h2>P\u00c5LITLIG GROSSIST<\/h2>\n<p>F\u00f6rutom internationellt konkurrenskraftiga priser har vi investerat i effektivitet och smidighet i v\u00e5r verksamhet. S\u00e5 det \u00e4r ingen slump att vanerimaailma.fi har det mest omfattande urvalet, experttj\u00e4nsten och snabba leveranser. Vi har mer \u00e4n 20 \u00e5rs erfarenhet av skivhandeln.<\/p>\n<p>Vanerimaailma.fi -team<br \/>\n-v\u00e4lkommen som kund![\/vc_column_text][vc_empty_space woodmart_hide_large=&#8221;0&#8243; woodmart_hide_medium=&#8221;0&#8243; woodmart_hide_small=&#8221;0&#8243; woodmart_hide_extra_small=&#8221;0&#8243;][\/vc_column][vc_column width=&#8221;1\/2&#8243;][vc_single_image image=&#8221;747&#8243; img_size=&#8221;full&#8221; woodmart_inline=&#8221;no&#8221; parallax_scroll=&#8221;no&#8221;][\/vc_column][\/vc_row]<\/p>","protected":false},"excerpt":{"rendered":"<p>[vc_row woodmart_disable_overflow=&#8221;1&#8243; css=&#8221;.vc_custom_1629875194592{padding-top: 40px !important;padding-bottom: 40px !important;}&#8221; el_class=&#8221;bg-bottom&#8221; mobile_bg_img_hidden=&#8221;no&#8221; tablet_bg_img_hidden=&#8221;no&#8221; woodmart_parallax=&#8221;0&#8243; woodmart_gradient_switch=&#8221;no&#8221; row_reverse_mobile=&#8221;0&#8243; row_reverse_tablet=&#8221;0&#8243;][vc_column 0=&#8221;&#8221; width=&#8221;1\/2&#8243; css=&#8221;.vc_custom_1496220821354{padding-top: 0px !important;}&#8221;][vc_column_text el_class=&#8221;text-larger&#8221;<\/p>\n","protected":false},"author":1,"featured_media":0,"parent":0,"menu_order":0,"comment_status":"closed","ping_status":"closed","template":"","meta":[],"_links":{"self":[{"href":"https:\/\/vanerimaailma.fi\/sv\/wp-json\/wp\/v2\/pages\/662"}],"collection":[{"href":"https:\/\/vanerimaailma.fi\/sv\/wp-json\/wp\/v2\/pages"}],"about":[{"href":"https:\/\/vanerimaailma.fi\/sv\/wp-json\/wp\/v2\/types\/page"}],"author":[{"embeddable":true,"href":"https:\/\/vanerimaailma.fi\/sv\/wp-json\/wp\/v2\/users\/1"}],"replies":[{"embeddable":true,"href":"https:\/\/vanerimaailma.fi\/sv\/wp-json\/wp\/v2\/comments?post=662"}],"version-history":[{"count":0,"href":"https:\/\/vanerimaailma.fi\/sv\/wp-json\/wp\/v2\/pages\/662\/revisions"}],"wp:attachment":[{"href":"https:\/\/vanerimaailma.fi\/sv\/wp-json\/wp\/v2\/media?parent=662"}],"curies":[{"name":"wp","href":"https:\/\/api.w.org\/{rel}","templated":true}]}}