{"id":738,"date":"2021-08-25T10:02:41","date_gmt":"2021-08-25T07:02:41","guid":{"rendered":"http:\/\/vanerimaailma.fi.klient.veebimajutus.ee\/?page_id=738"},"modified":"2021-08-28T20:12:22","modified_gmt":"2021-08-28T17:12:22","slug":"mittatilaus","status":"publish","type":"page","link":"https:\/\/vanerimaailma.fi\/sv\/mittatilaus\/","title":{"rendered":"TJ\u00c4NSTER"},"content":{"rendered":"<p>[vc_row css=&#8221;.vc_custom_1629875064518{padding-top: 40px !important;padding-bottom: 40px !important;}&#8221; mobile_bg_img_hidden=&#8221;no&#8221; tablet_bg_img_hidden=&#8221;no&#8221; woodmart_parallax=&#8221;0&#8243; woodmart_gradient_switch=&#8221;no&#8221; row_reverse_mobile=&#8221;0&#8243; row_reverse_tablet=&#8221;0&#8243; woodmart_disable_overflow=&#8221;0&#8243;][vc_column width=&#8221;1\/2&#8243;][vc_column_text woodmart_inline=&#8221;no&#8221; text_larger=&#8221;no&#8221;]<\/p>\n<h2>S\u00c5GTJ\u00c4NST<\/h2>\n<p>Best\u00e4ll plywoodskivor f\u00f6r direkt anv\u00e4ndning! Vi erbjuder en professionell s\u00e5gningstj\u00e4nst med m\u00e5nga \u00e5rs erfarenhet.<br \/>\nVi \u00e4r starka experter inom plywoodindustrin, och vi k\u00e4nner till de olika typerna av plywood och de anv\u00e4ndningsomr\u00e5den som de \u00e4r b\u00e4st l\u00e4mpade f\u00f6r. S\u00e5ledes kan vi inte bara ge dig r\u00e5d om den b\u00e4sta plywoodkvaliteten f\u00f6r din anv\u00e4ndning utan ocks\u00e5 hj\u00e4lpa dig att bed\u00f6ma tillr\u00e4cklig m\u00e4ngd plywood.<br \/>\nKontakta oss och beg\u00e4r offert f\u00f6r s\u00e5gning!<\/p>\n<h2>CNC -TJ\u00c4NSTER<\/h2>\n<p>Fr\u00e4sning och borrning p\u00e5 ett CNC -bearbetningscenter \u00e4r exakt och effektivt. Speciellt i stora partier blir CNC -bearbetning \u00e4nnu mer f\u00f6rdelaktigt i produkttillverkningsprocessen. I stora serier har vi gjort t.ex. olika formdelar, m\u00f6belkomponenter och botten- och v\u00e4ggplywood f\u00f6r sk\u00e5pbilar.<br \/>\nKontakta oss och beg\u00e4r offert f\u00f6r CNC -bearbetning!<\/p>\n<h2>YTBEHANDLING<\/h2>\n<p>Vi ytbehandlar genom att m\u00e5la, lackera och olja olika skivor.<br \/>\nKontakta oss och beg\u00e4r offert f\u00f6r ytbehandlingsarbete![\/vc_column_text][vc_empty_space woodmart_hide_large=&#8221;0&#8243; woodmart_hide_medium=&#8221;0&#8243; woodmart_hide_small=&#8221;0&#8243; woodmart_hide_extra_small=&#8221;0&#8243;][\/vc_column][vc_column width=&#8221;1\/2&#8243;][vc_single_image image=&#8221;744&#8243; img_size=&#8221;full&#8221; woodmart_inline=&#8221;no&#8221; parallax_scroll=&#8221;no&#8221;][vc_single_image image=&#8221;745&#8243; img_size=&#8221;full&#8221; woodmart_inline=&#8221;no&#8221; parallax_scroll=&#8221;no&#8221;][\/vc_column][\/vc_row]<\/p>","protected":false},"excerpt":{"rendered":"<p>[vc_row css=&#8221;.vc_custom_1629875064518{padding-top: 40px !important;padding-bottom: 40px !important;}&#8221; mobile_bg_img_hidden=&#8221;no&#8221; tablet_bg_img_hidden=&#8221;no&#8221; woodmart_parallax=&#8221;0&#8243; woodmart_gradient_switch=&#8221;no&#8221; row_reverse_mobile=&#8221;0&#8243; row_reverse_tablet=&#8221;0&#8243; woodmart_disable_overflow=&#8221;0&#8243;][vc_column width=&#8221;1\/2&#8243;][vc_column_text woodmart_inline=&#8221;no&#8221; text_larger=&#8221;no&#8221;] S\u00c5GTJ\u00c4NST Best\u00e4ll plywoodskivor f\u00f6r<\/p>\n","protected":false},"author":1,"featured_media":0,"parent":0,"menu_order":0,"comment_status":"closed","ping_status":"closed","template":"","meta":[],"_links":{"self":[{"href":"https:\/\/vanerimaailma.fi\/sv\/wp-json\/wp\/v2\/pages\/738"}],"collection":[{"href":"https:\/\/vanerimaailma.fi\/sv\/wp-json\/wp\/v2\/pages"}],"about":[{"href":"https:\/\/vanerimaailma.fi\/sv\/wp-json\/wp\/v2\/types\/page"}],"author":[{"embeddable":true,"href":"https:\/\/vanerimaailma.fi\/sv\/wp-json\/wp\/v2\/users\/1"}],"replies":[{"embeddable":true,"href":"https:\/\/vanerimaailma.fi\/sv\/wp-json\/wp\/v2\/comments?post=738"}],"version-history":[{"count":0,"href":"https:\/\/vanerimaailma.fi\/sv\/wp-json\/wp\/v2\/pages\/738\/revisions"}],"wp:attachment":[{"href":"https:\/\/vanerimaailma.fi\/sv\/wp-json\/wp\/v2\/media?parent=738"}],"curies":[{"name":"wp","href":"https:\/\/api.w.org\/{rel}","templated":true}]}}